{"id":851,"date":"2020-06-02T05:33:03","date_gmt":"2020-06-02T05:33:03","guid":{"rendered":"https:\/\/fertilityexperts.es\/?page_id=851"},"modified":"2026-03-04T21:50:53","modified_gmt":"2026-03-04T20:50:53","slug":"service-plus","status":"publish","type":"page","link":"https:\/\/fertilityexperts.es\/es\/service-plus\/","title":{"rendered":"Servicios de consultor\u00eda"},"content":{"rendered":"<div class=\"wpb-content-wrapper\"><div class=\"vc_row wpb_row vc_row-fluid\"><div class=\"wpb_column vc_column_container vc_col-sm-12 sc_layouts_column_icons_position_left\"><div class=\"vc_column-inner\"><div class=\"wpb_wrapper\">\n\t<div class=\"wpb_text_column wpb_content_element\" >\n\t\t<div class=\"wpb_wrapper\">\n\t\t\t<h2>Queridos clientes<\/h2>\n<div class=\"flex-1 overflow-hidden\">\n<div class=\"react-scroll-to-bottom--css-fqcbo-79elbk h-full\">\n<div class=\"react-scroll-to-bottom--css-fqcbo-1n7m0yu\">\n<div class=\"flex flex-col text-sm pb-9\">\n<div class=\"w-full text-token-text-primary\" dir=\"auto\" data-testid=\"conversation-turn-48\">\n<div class=\"px-4 py-2 justify-center text-base md:gap-6 m-auto\">\n<div class=\"flex flex-1 text-base mx-auto gap-3 juice:gap-4 juice:md:gap-6 md:px-5 lg:px-1 xl:px-5 md:max-w-3xl lg:max-w-&#091;40rem&#093; xl:max-w-&#091;48rem&#093; group final-completion\">\n<div class=\"relative flex w-full flex-col agent-turn\">\n<div class=\"flex-col gap-1 md:gap-3\">\n<div class=\"flex flex-grow flex-col max-w-full\">\n<div class=\"min-h-&#091;20px&#093; text-message flex flex-col items-start gap-3 whitespace-pre-wrap break-words &#091;.text-message+&amp;&#093;:mt-5 overflow-x-auto\" dir=\"auto\" data-message-author-role=\"assistant\" data-message-id=\"4d429a9b-a181-47cb-897c-5506abee221e\">\n<div class=\"markdown prose w-full break-words dark:prose-invert light\">\n<p><span style=\"font-weight: 400;\">En Fertility Experts, nos apasiona combinar el amor y la ciencia para ayudar a crear familias. Nuestro lema, \u201cLa vida comienza con amor y ciencia, creando familias,\u201d refleja nuestro compromiso de ofrecer un enfoque compasivo y basado en la evidencia para cada paciente que conf\u00eda en nosotros su sue\u00f1o de tener un hijo.<\/span><\/p>\n<p><span style=\"font-weight: 400;\">Contamos con un equipo excepcional que no solo se destaca por su experiencia profesional, sino tambi\u00e9n por su dedicaci\u00f3n a esta especialidad de la medicina y la biolog\u00eda: la reproducci\u00f3n. Nuestro equipo est\u00e1 formado por enfermeras, bi\u00f3logos y m\u00e9dicos especializados en reproducci\u00f3n asistida, y trabajamos en estrecha colaboraci\u00f3n con expertos en androlog\u00eda, ginecolog\u00eda, endocrinolog\u00eda, gen\u00e9tica y psicolog\u00eda para ofrecer un enfoque integral y personalizado para cada paciente.<\/span><\/p>\n<p><span style=\"font-weight: 400;\">En Fertility Experts, entendemos que cada situaci\u00f3n es \u00fanica y estamos comprometidos a ofrecer el m\u00e1s alto nivel de atenci\u00f3n m\u00e9dica y apoyo emocional en cada paso del camino hacia la paternidad. Estamos aqu\u00ed para acompa\u00f1arte en tu viaje hacia la realizaci\u00f3n de tu sue\u00f1o de formar una familia.<\/span><\/div>\n<\/div>\n<\/div>\n<\/div>\n<\/div>\n<\/div>\n<\/div>\n<\/div>\n<\/div>\n<\/div>\n<\/div>\n<\/div>\n\n\t\t<\/div>\n\t<\/div>\n<div class=\"vc_separator wpb_content_element vc_separator_align_center vc_sep_width_100 vc_sep_dashed vc_sep_pos_align_center vc_separator_no_text vc_sep_color_grey wpb_content_element  wpb_content_element\" ><span class=\"vc_sep_holder vc_sep_holder_l\"><span class=\"vc_sep_line\"><\/span><\/span><span class=\"vc_sep_holder vc_sep_holder_r\"><span class=\"vc_sep_line\"><\/span><\/span>\n<\/div><\/div><\/div><\/div><\/div><div class=\"vc_row wpb_row vc_row-fluid\"><div class=\"wpb_column vc_column_container vc_col-sm-12 sc_layouts_column_icons_position_left\"><div class=\"vc_column-inner\"><div class=\"wpb_wrapper\"><div id=\"sc_title_1014655361\"\n\t\tclass=\"sc_title color_style_default sc_title_default\"><h6 class=\"sc_item_subtitle sc_title_subtitle sc_align_center sc_item_title_style_default\"><span>Atenci\u00f3n personalizada<\/span><\/h6><h3 class=\"sc_item_title sc_title_title sc_align_center sc_item_title_style_default\">Servicios de consultor\u00eda<\/h3><\/div><!-- \/.sc_title --><div class=\"vc_empty_space  height_medium\"   style=\"height: 0px\"><span class=\"vc_empty_space_inner\"><\/span><\/div><div  id=\"sc_price_1851361445\" \n\tclass=\"sc_price color_style_default sc_price_default\"><div class=\"sc_price_columns_wrap sc_item_columns trx_addons_columns_wrap columns_padding_bottom\"><div class=\"trx_addons_column-1_3\"><div class=\"sc_price_item sc_price_item_default\">\n\t\t\t<div class=\"sc_price_item_info\"><h3 class=\"sc_price_item_title\"><span>Revisi\u00f3n ginecol\u00f3gica<\/span><\/h3><div class=\"sc_price_item_details\"><ul class=\"trx_addons_list trx_addons_list_dot\" style=\"text-align:left\">\n    <li>Citolog\u00eda cervical<\/li>\n    <li>Ultrasonido<\/li>\n    <li>Evaluaci\u00f3n de la reserva ov\u00e1rica mediante ecograf\u00eda<\/li>\n    <li>Evaluaci\u00f3n de la salud reproductiva<\/li>\n<\/ul><\/div><a href=\"https:\/\/fertilityexperts.es\/es\/appointment\/\" class=\"sc_price_item_link sc_button\">haz una cita<\/a><\/div><!-- \/.sc_price_item_info --><\/div><\/div><div class=\"trx_addons_column-1_3\"><div class=\"sc_price_item sc_price_item_default\">\n\t\t\t<div class=\"sc_price_item_info\"><h3 class=\"sc_price_item_title\"><span>Visita de reproducci\u00f3n asistida<\/span><\/h3><div class=\"sc_price_item_details\"><ul style=\"text-align: left;\">\n    <li>Visita inicial<\/li>\n    <li>Ultrasonido vaginal<\/li>\n    <li>Revisi\u00f3n de la historia m\u00e9dica<\/li>\n    <li>Citolog\u00eda cervical<\/li>\n    <li>Segunda visita incluida para la evaluaci\u00f3n de resultados:\n        <ul style=\"text-align: left;\">\n            <li>Pruebas anal\u00edticas<\/li>\n            <li>Tratamientos alternativos<\/li>\n            <li>Diagn\u00f3stico de la fertilidad<\/li>\n        <\/ul>\n    <\/li>\n<\/ul><\/div><a href=\"https:\/\/fertilityexperts.es\/es\/appointment\/\" class=\"sc_price_item_link sc_button\">haz una cita<\/a><\/div><!-- \/.sc_price_item_info --><\/div><\/div><div class=\"trx_addons_column-1_3\"><div class=\"sc_price_item sc_price_item_default\">\n\t\t\t<div class=\"sc_price_item_info\"><h3 class=\"sc_price_item_title\"><span>Consulta en l\u00ednea <\/span><\/h3><div class=\"sc_price_item_details\"><ul style=\"text-align: left;\">\n    <li>Revisi\u00f3n del caso cl\u00ednico<\/li>\n    <li>Segunda opini\u00f3n m\u00e9dica<\/li>\n    <li>Evaluaci\u00f3n de pruebas anal\u00edticas \/ estudios diagn\u00f3sticos<\/li>\n    <li>Diagn\u00f3stico de la fertilidad<\/li>\n    <li>Tratamientos alternativos<\/li>\n    <li>Prescripci\u00f3n m\u00e9dica electr\u00f3nica (si es necesario)<\/li>\n<\/ul><\/div><a href=\"https:\/\/fertilityexperts.es\/es\/appointment\/\" class=\"sc_price_item_link sc_button\">haz una cita<\/a><\/div><!-- \/.sc_price_item_info --><\/div><\/div><\/div><\/div><!-- \/.sc_price --><\/div><\/div><\/div><\/div>\n<\/div>","protected":false},"excerpt":{"rendered":"Dear Customers, At Fertility Experts, we are passionate about blending love and science to help create families. Our motto, \"Life begins with love and science, creating families,\" reflects our commitment to providing a compassionate, evidence-based approach for every patient who entrusts us with their dream of having a child. We have an exceptional team that not only stands out for&hellip;","protected":false},"author":1,"featured_media":0,"parent":0,"menu_order":0,"comment_status":"closed","ping_status":"closed","template":"","meta":{"footnotes":""},"class_list":["post-851","page","type-page","status-publish","hentry"],"_links":{"self":[{"href":"https:\/\/fertilityexperts.es\/es\/wp-json\/wp\/v2\/pages\/851","targetHints":{"allow":["GET"]}}],"collection":[{"href":"https:\/\/fertilityexperts.es\/es\/wp-json\/wp\/v2\/pages"}],"about":[{"href":"https:\/\/fertilityexperts.es\/es\/wp-json\/wp\/v2\/types\/page"}],"author":[{"embeddable":true,"href":"https:\/\/fertilityexperts.es\/es\/wp-json\/wp\/v2\/users\/1"}],"replies":[{"embeddable":true,"href":"https:\/\/fertilityexperts.es\/es\/wp-json\/wp\/v2\/comments?post=851"}],"version-history":[{"count":10,"href":"https:\/\/fertilityexperts.es\/es\/wp-json\/wp\/v2\/pages\/851\/revisions"}],"predecessor-version":[{"id":1628,"href":"https:\/\/fertilityexperts.es\/es\/wp-json\/wp\/v2\/pages\/851\/revisions\/1628"}],"wp:attachment":[{"href":"https:\/\/fertilityexperts.es\/es\/wp-json\/wp\/v2\/media?parent=851"}],"curies":[{"name":"wp","href":"https:\/\/api.w.org\/{rel}","templated":true}]}}