{"id":410,"date":"2017-09-05T15:34:56","date_gmt":"2017-09-05T15:34:56","guid":{"rendered":"https:\/\/fertilityexperts.es\/?page_id=410"},"modified":"2026-03-20T23:08:36","modified_gmt":"2026-03-20T22:08:36","slug":"clinics-history","status":"publish","type":"page","link":"https:\/\/fertilityexperts.es\/es\/clinics-history\/","title":{"rendered":"Sobre la clinica"},"content":{"rendered":"<div class=\"wpb-content-wrapper\"><div class=\"vc_row wpb_row vc_row-fluid\"><div class=\"wpb_column vc_column_container vc_col-sm-12 sc_layouts_column_icons_position_left\"><div class=\"vc_column-inner\"><div class=\"wpb_wrapper\"><div class=\"vc_empty_space  height_huge\"   style=\"height: 32px\"><span class=\"vc_empty_space_inner\"><\/span><\/div><\/div><\/div><\/div><\/div><div class=\"vc_row wpb_row vc_row-fluid\"><div class=\"wpb_column vc_column_container vc_col-sm-12 sc_layouts_column_icons_position_left\"><div class=\"vc_column-inner\"><div class=\"wpb_wrapper\">\n\t<div class=\"wpb_text_column wpb_content_element\" >\n\t\t<div class=\"wpb_wrapper\">\n\t\t\t\n\t\t<\/div>\n\t<\/div>\n<\/div><\/div><\/div><\/div><div class=\"vc_row wpb_row vc_row-fluid\"><div class=\"wpb_column vc_column_container vc_col-sm-12 vc_col-md-offset-2 vc_col-md-8 sc_layouts_column_icons_position_left\"><div class=\"vc_column-inner\"><div class=\"wpb_wrapper\"><div id=\"sc_title_124389589\"\n\t\tclass=\"sc_title color_style_default sc_title_default  vc_custom_1772655124177\"><h6 class=\"sc_item_subtitle sc_title_subtitle sc_align_center sc_item_title_style_default\"><span>Sobre nuestra cl\u00ednica<\/span><\/h6><h3 class=\"sc_item_title sc_title_title sc_align_center sc_item_title_style_default\">Lo que necesita saber sobre nuestra cl\u00ednica<\/h3><\/div><!-- \/.sc_title --><div class=\"vc_empty_space  vc_custom_1511774637018 height_large\"   style=\"height: 32px\"><span class=\"vc_empty_space_inner\"><\/span><\/div><\/div><\/div><\/div><\/div><div class=\"vc_row wpb_row vc_row-fluid vc_row-o-equal-height vc_row-flex\"><div class=\"wpb_column vc_column_container vc_col-sm-12 vc_col-md-7 sc_layouts_column_icons_position_left\"><div class=\"vc_column-inner\"><div class=\"wpb_wrapper\"><div id=\"widget_video_231321298\" class=\"widget_area sc_widget_video vc_widget_video wpb_content_element\"><aside id=\"widget_video_231321298_widget\" class=\"widget widget_video\"><div id=\"sc_video_224869865\" class=\"trx_addons_video_player with_cover hover_play\"><img fetchpriority=\"high\" decoding=\"async\" src=\"https:\/\/fertilityexperts.es\/wp-content\/uploads\/2024\/04\/presentacio-v1-Thumbnail-1278x658.jpg\" alt=\"\" width=\"1278\" height=\"658\"><div class=\"video_mask\"><\/div><div class=\"video_hover\" data-video=\"&lt;iframe title=&quot;Bienvenidos a Fertility Experts Barcelona&quot; width=&quot;1278&quot; height=&quot;719&quot; src=&quot;https:\/\/www.youtube.com\/embed\/_nceLN5R82g?start=69&amp;feature=oembed&amp;autoplay=1&quot; frameborder=&quot;0&quot; allow=&quot;accelerometer; autoplay; clipboard-write; encrypted-media; gyroscope; picture-in-picture; web-share&quot; referrerpolicy=&quot;strict-origin-when-cross-origin&quot; allowfullscreen&gt;&lt;\/iframe&gt;\"><\/div><div class=\"video_embed video_frame\"><\/div><\/div><\/aside><\/div><\/div><\/div><\/div><div class=\"wpb_column vc_column_container vc_col-sm-12 vc_hidden-lg vc_hidden-md sc_layouts_column_icons_position_left\"><div class=\"vc_column-inner\"><div class=\"wpb_wrapper\"><div class=\"vc_empty_space  height_huge\"   style=\"height: 32px\"><span class=\"vc_empty_space_inner\"><\/span><\/div><\/div><\/div><\/div><div class=\"wpb_column vc_column_container vc_col-sm-12 vc_col-md-5 sc_layouts_column_icons_position_left\"><div class=\"vc_column-inner\"><div class=\"wpb_wrapper\"><div id=\"sc_content_1224859082\"\n\t\tclass=\"sc_content color_style_default sc_content_default sc_float_center sc_padding_medium  vc_custom_1511774263735\"><div class=\"sc_content_container\">\n\t<div  class=\"wpb_single_image wpb_content_element vc_align_center wpb_content_element\">\n\t\t\n\t\t<figure class=\"wpb_wrapper vc_figure\">\n\t\t\t<div class=\"vc_single_image-wrapper   vc_box_border_grey\"><img decoding=\"async\" width=\"70\" height=\"70\" data-src=\"https:\/\/fertilityexperts.es\/wp-content\/uploads\/2024\/04\/fertility-experts-small.png\" class=\"vc_single_image-img attachment-full lazyload\" alt=\"\" title=\"fertility-experts-small\" src=\"data:image\/svg+xml;base64,PHN2ZyB3aWR0aD0iMSIgaGVpZ2h0PSIxIiB4bWxucz0iaHR0cDovL3d3dy53My5vcmcvMjAwMC9zdmciPjwvc3ZnPg==\" style=\"--smush-placeholder-width: 70px; --smush-placeholder-aspect-ratio: 70\/70;\" \/><\/div>\n\t\t<\/figure>\n\t<\/div>\n<div class=\"vc_empty_space  vc_custom_1511774693460 height_small\"   style=\"height: 32px\"><span class=\"vc_empty_space_inner\"><\/span><\/div>\n\t<div class=\"wpb_text_column wpb_content_element\" >\n\t\t<div class=\"wpb_wrapper\">\n\t\t\t<h5 class=\"trx_addons_no_margin\" style=\"text-align: center;\">Porque vemos personas, no solo pacientes<\/h5>\n\n\t\t<\/div>\n\t<\/div>\n<div class=\"vc_empty_space  height_tiny\"   style=\"height: 32px\"><span class=\"vc_empty_space_inner\"><\/span><\/div>\n\t<div class=\"wpb_text_column wpb_content_element\" >\n\t\t<div class=\"wpb_wrapper\">\n\t\t\t<p style=\"text-align: center;\">Ofrecemos atenci\u00f3n de salud sexual y reproductiva confidencial y sin prejuicios a personas de cualquier g\u00e9nero, edad y nacionalidad<\/p>\n\n\t\t<\/div>\n\t<\/div>\n<div class=\"vc_empty_space  vc_custom_1511774743237 height_small\"   style=\"height: 32px\"><span class=\"vc_empty_space_inner\"><\/span><\/div><div class=\"sc_item_button sc_button_wrap sc_align_center\"><a href=\"https:\/\/fertilityexperts.es\/es\/appointment\/\" id=\"sc_button_1439677032\" class=\"sc_button color_style_default sc_button_iconed alter_bg sc_button_size_normal sc_button_with_icon sc_button_icon_left\" target=\"_blank\"><span class=\"sc_button_icon\"><span class=\"icon-double-right\"><\/span><\/span><\/a><!-- \/.sc_button --><\/div><!-- \/.sc_item_button --><\/div><\/div><!-- \/.sc_content --><\/div><\/div><\/div><div class=\"wpb_column vc_column_container vc_col-sm-12 sc_layouts_column_icons_position_left\"><div class=\"vc_column-inner\"><div class=\"wpb_wrapper\">\n\t<div  class=\"wpb_single_image wpb_content_element vc_align_left wpb_content_element\">\n\t\t\n\t\t<figure class=\"wpb_wrapper vc_figure\">\n\t\t\t<div class=\"vc_single_image-wrapper   vc_box_border_grey\"><img decoding=\"async\" width=\"793\" height=\"1024\" data-src=\"https:\/\/fertilityexperts.es\/wp-content\/uploads\/2026\/03\/WhatsApp-Image-2026-03-08-at-19.33.50-793x1024.jpeg\" class=\"vc_single_image-img attachment-large lazyload\" alt=\"\" title=\"WhatsApp Image 2026-03-08 at 19.33.50\" data-srcset=\"https:\/\/fertilityexperts.es\/wp-content\/uploads\/2026\/03\/WhatsApp-Image-2026-03-08-at-19.33.50-793x1024.jpeg 793w, https:\/\/fertilityexperts.es\/wp-content\/uploads\/2026\/03\/WhatsApp-Image-2026-03-08-at-19.33.50-232x300.jpeg 232w, https:\/\/fertilityexperts.es\/wp-content\/uploads\/2026\/03\/WhatsApp-Image-2026-03-08-at-19.33.50-768x992.jpeg 768w, https:\/\/fertilityexperts.es\/wp-content\/uploads\/2026\/03\/WhatsApp-Image-2026-03-08-at-19.33.50-9x12.jpeg 9w, https:\/\/fertilityexperts.es\/wp-content\/uploads\/2026\/03\/WhatsApp-Image-2026-03-08-at-19.33.50-370x478.jpeg 370w, https:\/\/fertilityexperts.es\/wp-content\/uploads\/2026\/03\/WhatsApp-Image-2026-03-08-at-19.33.50-789x1019.jpeg 789w, https:\/\/fertilityexperts.es\/wp-content\/uploads\/2026\/03\/WhatsApp-Image-2026-03-08-at-19.33.50.jpeg 1080w\" data-sizes=\"(max-width: 793px) 100vw, 793px\" src=\"data:image\/svg+xml;base64,PHN2ZyB3aWR0aD0iMSIgaGVpZ2h0PSIxIiB4bWxucz0iaHR0cDovL3d3dy53My5vcmcvMjAwMC9zdmciPjwvc3ZnPg==\" style=\"--smush-placeholder-width: 793px; --smush-placeholder-aspect-ratio: 793\/1024;\" \/><\/div>\n\t\t<\/figure>\n\t<\/div>\n<\/div><\/div><\/div><\/div><div class=\"vc_row wpb_row vc_row-fluid\"><div class=\"wpb_column vc_column_container vc_col-sm-12 sc_layouts_column_icons_position_left\"><div class=\"vc_column-inner\"><div class=\"wpb_wrapper\"><div class=\"vc_empty_space  vc_custom_1511775046704 height_huge\"   style=\"height: 32px\"><span class=\"vc_empty_space_inner\"><\/span><\/div><\/div><\/div><\/div><\/div><div data-vc-full-width=\"true\" data-vc-full-width-init=\"false\" class=\"vc_row wpb_row vc_row-fluid vc_custom_1504624727913 vc_row-has-fill\"><div class=\"wpb_column vc_column_container vc_col-sm-12 sc_layouts_column_icons_position_left\"><div class=\"vc_column-inner\"><div class=\"wpb_wrapper\"><div class=\"vc_empty_space  vc_custom_1511775219596 height_huge\"   style=\"height: 32px\"><span class=\"vc_empty_space_inner\"><\/span><\/div><div id=\"sc_services_1783796970\" class=\"sc_services color_style_default sc_services_light sc_services_featured_top alter_bg\"><h6 class=\"sc_item_subtitle sc_services_subtitle sc_align_center sc_item_title_style_default\"><span>Quienes somos<\/span><\/h6><h3 class=\"sc_item_title sc_services_title sc_align_center sc_item_title_style_default\">Sobre nosotros<\/h3><div class=\"sc_item_descr sc_services_descr sc_align_center\"><p>Nos esforzamos por proporcionar a las mujeres de todas las edades servicios de ginecolog\u00eda y planificaci\u00f3n familiar con atenci\u00f3n y actualizados<\/p>\n<\/div><div class=\"sc_services_columns_wrap sc_item_columns sc_item_columns_3 trx_addons_columns_wrap columns_padding_bottom\"><div class=\"trx_addons_column-1_3\"><div class=\"sc_services_item with_content with_image sc_services_item_featured_top\">\n\t<div class=\"post_featured with_thumb hover_icon sc_services_item_thumb\"><img decoding=\"async\" width=\"406\" height=\"261\" data-src=\"https:\/\/fertilityexperts.es\/wp-content\/uploads\/2017\/09\/mision-406x261.jpg\" class=\"attachment-angela-thumb-med size-angela-thumb-med wp-post-image lazyload\" alt=\"\" src=\"data:image\/svg+xml;base64,PHN2ZyB3aWR0aD0iMSIgaGVpZ2h0PSIxIiB4bWxucz0iaHR0cDovL3d3dy53My5vcmcvMjAwMC9zdmciPjwvc3ZnPg==\" style=\"--smush-placeholder-width: 406px; --smush-placeholder-aspect-ratio: 406\/261;\" \/><div class=\"mask\"><\/div><div class=\"icons\"><a href=\"https:\/\/fertilityexperts.es\/es\/services\/our-mission\/\" aria-hidden=\"true\" class=\"icon-view\"><\/a><\/div><\/div>\t\n\t<div class=\"sc_services_item_info\">\n\t\t<div class=\"sc_services_item_header\">\n\t\t\t\t\t\t<h6 class=\"sc_services_item_title\"><a href=\"https:\/\/fertilityexperts.es\/es\/services\/our-mission\/\">Nuestra misi\u00f3n<\/a><\/h6>\n\t\t<\/div>\n\t\t\t\t\t<div class=\"sc_services_item_content\"><p>Proporcionamos apoyo compasivo y experto a individuos y parejas que enfrentan dificultades para concebir, ofreciendo tratamientos avanzados de reproducci\u00f3n asistida con el objetivo de realizar el sue\u00f1o de formar una familia<\/p>\n<\/div>\n            <div class=\"sc_services_item_button sc_item_button\"><a href=\"https:\/\/fertilityexperts.es\/es\/services\/our-mission\/\" class=\"sc_button sc_button_iconed\"><span class=\"sc_button_icon\"><span class=\"icon-double-right\"><\/span><\/span><\/a><\/div>\n\t\t\t<\/div>\n<\/div>\n<\/div><div class=\"trx_addons_column-1_3\"><div class=\"sc_services_item with_content with_image sc_services_item_featured_top\">\n\t<div class=\"post_featured with_thumb hover_icon sc_services_item_thumb\"><img decoding=\"async\" width=\"406\" height=\"261\" data-src=\"https:\/\/fertilityexperts.es\/wp-content\/uploads\/2017\/09\/dejanos-acompanarte-406x261.jpg\" class=\"attachment-angela-thumb-med size-angela-thumb-med wp-post-image lazyload\" alt=\"\" src=\"data:image\/svg+xml;base64,PHN2ZyB3aWR0aD0iMSIgaGVpZ2h0PSIxIiB4bWxucz0iaHR0cDovL3d3dy53My5vcmcvMjAwMC9zdmciPjwvc3ZnPg==\" style=\"--smush-placeholder-width: 406px; --smush-placeholder-aspect-ratio: 406\/261;\" \/><div class=\"mask\"><\/div><div class=\"icons\"><a href=\"https:\/\/fertilityexperts.es\/es\/services\/our-strategy\/\" aria-hidden=\"true\" class=\"icon-view\"><\/a><\/div><\/div>\t\n\t<div class=\"sc_services_item_info\">\n\t\t<div class=\"sc_services_item_header\">\n\t\t\t\t\t\t<h6 class=\"sc_services_item_title\"><a href=\"https:\/\/fertilityexperts.es\/es\/services\/our-strategy\/\">D\u00e9janos acompa\u00f1arte<\/a><\/h6>\n\t\t<\/div>\n\t\t\t\t\t<div class=\"sc_services_item_content\"><p>Abordaremos todas tus inquietudes para que te sientas seguro y comprendas completamente la medicaci\u00f3n y los pasos involucrados en tu tratamiento de fertilidad. Te guiaremos sobre qu\u00e9 esperar y qu\u00e9 no esperar durante el proceso<\/p>\n<\/div>\n            <div class=\"sc_services_item_button sc_item_button\"><a href=\"https:\/\/fertilityexperts.es\/es\/services\/our-strategy\/\" class=\"sc_button sc_button_iconed\"><span class=\"sc_button_icon\"><span class=\"icon-double-right\"><\/span><\/span><\/a><\/div>\n\t\t\t<\/div>\n<\/div>\n<\/div><div class=\"trx_addons_column-1_3\"><div class=\"sc_services_item with_content with_image sc_services_item_featured_top\">\n\t<div class=\"post_featured with_thumb hover_icon sc_services_item_thumb\"><img decoding=\"async\" width=\"406\" height=\"261\" data-src=\"https:\/\/fertilityexperts.es\/wp-content\/uploads\/2017\/09\/casa-comalat-fertility-experts-406x261.jpg\" class=\"attachment-angela-thumb-med size-angela-thumb-med wp-post-image lazyload\" alt=\"\" src=\"data:image\/svg+xml;base64,PHN2ZyB3aWR0aD0iMSIgaGVpZ2h0PSIxIiB4bWxucz0iaHR0cDovL3d3dy53My5vcmcvMjAwMC9zdmciPjwvc3ZnPg==\" style=\"--smush-placeholder-width: 406px; --smush-placeholder-aspect-ratio: 406\/261;\" \/><div class=\"mask\"><\/div><div class=\"icons\"><a href=\"https:\/\/fertilityexperts.es\/es\/services\/our-income\/\" aria-hidden=\"true\" class=\"icon-view\"><\/a><\/div><\/div>\t\n\t<div class=\"sc_services_item_info\">\n\t\t<div class=\"sc_services_item_header\">\n\t\t\t\t\t\t<h6 class=\"sc_services_item_title\"><a href=\"https:\/\/fertilityexperts.es\/es\/services\/our-income\/\">Fertility Experts Barcelona &#8211; Casa Comalat<\/a><\/h6>\n\t\t<\/div>\n\t\t\t\t\t<div class=\"sc_services_item_content\"><p>Estamos ubicados dentro del Edificio CASA COMALAT, situado en Barcelona. Es una impresionante obra maestra arquitect\u00f3nica dise\u00f1ada por el renombrado arquitecto modernista Salvador Valeri i Pupurull. Se encuentra en el coraz\u00f3n del distrito del Eixample<\/p>\n<\/div>\n            <div class=\"sc_services_item_button sc_item_button\"><a href=\"https:\/\/fertilityexperts.es\/es\/services\/our-income\/\" class=\"sc_button sc_button_iconed\"><span class=\"sc_button_icon\"><span class=\"icon-double-right\"><\/span><\/span><\/a><\/div>\n\t\t\t<\/div>\n<\/div>\n<\/div><\/div><\/div><!-- \/.sc_services -->\n\t<div class=\"wpb_text_column wpb_content_element\" >\n\t\t<div class=\"wpb_wrapper\">\n\t\t\t<h5><strong><img decoding=\"async\" class=\"alignnone wp-image-1703 size-angela-thumb-masonry lazyload\" data-src=\"https:\/\/fertilityexperts.es\/wp-content\/uploads\/2026\/03\/WhatsApp-Image-2026-03-11-at-11.00.20-2-1-370x278.jpeg\" alt=\"\" width=\"370\" height=\"278\" data-srcset=\"https:\/\/fertilityexperts.es\/wp-content\/uploads\/2026\/03\/WhatsApp-Image-2026-03-11-at-11.00.20-2-1-370x278.jpeg 370w, https:\/\/fertilityexperts.es\/wp-content\/uploads\/2026\/03\/WhatsApp-Image-2026-03-11-at-11.00.20-2-1-300x225.jpeg 300w, https:\/\/fertilityexperts.es\/wp-content\/uploads\/2026\/03\/WhatsApp-Image-2026-03-11-at-11.00.20-2-1-1024x768.jpeg 1024w, https:\/\/fertilityexperts.es\/wp-content\/uploads\/2026\/03\/WhatsApp-Image-2026-03-11-at-11.00.20-2-1-768x576.jpeg 768w, https:\/\/fertilityexperts.es\/wp-content\/uploads\/2026\/03\/WhatsApp-Image-2026-03-11-at-11.00.20-2-1-1536x1152.jpeg 1536w, https:\/\/fertilityexperts.es\/wp-content\/uploads\/2026\/03\/WhatsApp-Image-2026-03-11-at-11.00.20-2-1-16x12.jpeg 16w, https:\/\/fertilityexperts.es\/wp-content\/uploads\/2026\/03\/WhatsApp-Image-2026-03-11-at-11.00.20-2-1-789x592.jpeg 789w, https:\/\/fertilityexperts.es\/wp-content\/uploads\/2026\/03\/WhatsApp-Image-2026-03-11-at-11.00.20-2-1.jpeg 1600w\" data-sizes=\"(max-width: 370px) 100vw, 370px\" src=\"data:image\/svg+xml;base64,PHN2ZyB3aWR0aD0iMSIgaGVpZ2h0PSIxIiB4bWxucz0iaHR0cDovL3d3dy53My5vcmcvMjAwMC9zdmciPjwvc3ZnPg==\" style=\"--smush-placeholder-width: 370px; --smush-placeholder-aspect-ratio: 370\/278;\" \/>\u00a0<\/strong><\/h5>\n<h6><\/h6>\n<h6><\/h6>\n<h6><\/h6>\n<h6><\/h6>\n<h6><\/h6>\n<h6><strong style=\"font-size: 1.4286em; letter-spacing: 0px;\">Fertility Experts Sant Cugat <\/strong><strong><img decoding=\"async\" class=\"wp-image-1688 alignnone lazyload\" data-src=\"https:\/\/fertilityexperts.es\/wp-content\/uploads\/2026\/03\/new2026-300x207.jpeg\" alt=\"\" width=\"70\" height=\"48\" data-srcset=\"https:\/\/fertilityexperts.es\/wp-content\/uploads\/2026\/03\/new2026-300x207.jpeg 300w, https:\/\/fertilityexperts.es\/wp-content\/uploads\/2026\/03\/new2026-18x12.jpeg 18w, https:\/\/fertilityexperts.es\/wp-content\/uploads\/2026\/03\/new2026-370x256.jpeg 370w, https:\/\/fertilityexperts.es\/wp-content\/uploads\/2026\/03\/new2026.jpeg 483w\" data-sizes=\"(max-width: 70px) 100vw, 70px\" src=\"data:image\/svg+xml;base64,PHN2ZyB3aWR0aD0iMSIgaGVpZ2h0PSIxIiB4bWxucz0iaHR0cDovL3d3dy53My5vcmcvMjAwMC9zdmciPjwvc3ZnPg==\" style=\"--smush-placeholder-width: 70px; --smush-placeholder-aspect-ratio: 70\/48;\" \/><\/strong><\/h6>\n<p style=\"text-align: left;\" data-start=\"40\" data-end=\"72\"><strong data-start=\"40\" data-end=\"72\">Ahora tambi\u00e9n en nuestra nueva ubicaci\u00f3n<\/strong><\/p>\n<p>Nuestra cl\u00ednica de fertilidad ya est\u00e1 disponible en un nuevo centro para acompa\u00f1arte.<\/p>\n<p>Con medicina avanzada, atenci\u00f3n personalizada y un enfoque cercano, estamos a tu lado en el camino hacia la maternidad o paternidad.<\/p>\n<p>Solicita tu cita hoy mismo \u2014 estaremos encantados de darte la bienvenida!<\/p>\n\n\t\t<\/div>\n\t<\/div>\n<\/div><\/div><\/div><\/div><div class=\"vc_row-full-width vc_clearfix\"><\/div><div class=\"vc_row wpb_row vc_row-fluid\"><div class=\"wpb_column vc_column_container vc_col-sm-12 sc_layouts_column_icons_position_left\"><div class=\"vc_column-inner\"><div class=\"wpb_wrapper\"><div class=\"vc_empty_space  vc_custom_1511535920247 height_huge\"   style=\"height: 32px\"><span class=\"vc_empty_space_inner\"><\/span><\/div><\/div><\/div><\/div><\/div><div class=\"vc_row wpb_row vc_row-fluid\"><div class=\"wpb_column vc_column_container vc_col-sm-12 sc_layouts_column_icons_position_left\"><div class=\"vc_column-inner\"><div class=\"wpb_wrapper\"><div class=\"vc_separator wpb_content_element vc_separator_align_center vc_sep_width_100 vc_sep_border_width_2 vc_sep_pos_align_center vc_separator_no_text vc_sep_color_grey vc_custom_1687439667209 wpb_content_element  vc_custom_1687439667209 wpb_content_element\" ><span class=\"vc_sep_holder vc_sep_holder_l\"><span class=\"vc_sep_line\"><\/span><\/span><span class=\"vc_sep_holder vc_sep_holder_r\"><span class=\"vc_sep_line\"><\/span><\/span>\n<\/div><\/div><\/div><\/div><\/div><div class=\"vc_row wpb_row vc_row-fluid\"><div class=\"wpb_column vc_column_container vc_col-sm-12 sc_layouts_column_icons_position_left\"><div class=\"vc_column-inner\"><div class=\"wpb_wrapper\"><div  id=\"sc_action_2015155623\" \n\tclass=\"sc_action color_style_default sc_action_simple\"><div class=\"sc_action_content sc_item_content\"><div class=\"sc_action_item sc_action_item_simple sc_action_item_ml\">\n\t\t\t<div class=\"sc_action_item_image\"><img decoding=\"async\" data-src=\"https:\/\/fertilityexperts.es\/wp-content\/uploads\/2017\/09\/send-a-message.png\" alt=\"\" width=\"96\" height=\"96\" src=\"data:image\/svg+xml;base64,PHN2ZyB3aWR0aD0iMSIgaGVpZ2h0PSIxIiB4bWxucz0iaHR0cDovL3d3dy53My5vcmcvMjAwMC9zdmciPjwvc3ZnPg==\" class=\"lazyload\" style=\"--smush-placeholder-width: 96px; --smush-placeholder-aspect-ratio: 96\/96;\"><\/div><h3 class=\"sc_action_item_title\"><span>\u00bfTienes alguna pregunta?<\/span><\/h3><div class=\"sc_action_item_description\"><span>\"Perm\u00edtanos tomar su mano junto a nuestro equipo de ginec\u00f3logos especializados en reproducci\u00f3n asistida para alcanzar sus objetivos de fertilidad!\"<\/span><\/div><a href=\"\/es\/appointment\/\" class=\"sc_action_item_link sc_button sc_button_size_small\">Hacer una cita<\/a><\/div><\/div><\/div><!-- \/.sc_action --><\/div><\/div><\/div><\/div><div class=\"vc_row wpb_row vc_row-fluid\"><div class=\"wpb_column vc_column_container vc_col-sm-12 sc_layouts_column_icons_position_left\"><div class=\"vc_column-inner\"><div class=\"wpb_wrapper\"><div class=\"vc_empty_space  vc_custom_1511777344623 height_large\"   style=\"height: 32px\"><span class=\"vc_empty_space_inner\"><\/span><\/div><\/div><\/div><\/div><\/div><div data-vc-full-width=\"true\" data-vc-full-width-init=\"false\" data-vc-stretch-content=\"true\" class=\"vc_row wpb_row vc_row-fluid vc_row-no-padding\"><div class=\"wpb_column vc_column_container vc_col-sm-12 sc_layouts_column_icons_position_left\"><div class=\"vc_column-inner\"><div class=\"wpb_wrapper\"><\/div><\/div><\/div><\/div><div class=\"vc_row-full-width vc_clearfix\"><\/div>\n<\/div>","protected":false},"excerpt":{"rendered":"Our office is inside Cl\u00ednica \u00c1rvila Magna, which is located in Casa Comalat - an impressive architectural masterpiece of Catalan modernism, situated in the heart of the Eixample district. The building has two distinct facades: The main entrance is on Avinguda Diagonal, while the rear facade faces Carrer de C\u00f2rsega. This privileged location offers an elegant and prestigious environment. Moreover,&hellip;","protected":false},"author":1,"featured_media":0,"parent":0,"menu_order":0,"comment_status":"closed","ping_status":"closed","template":"","meta":{"footnotes":""},"class_list":["post-410","page","type-page","status-publish","hentry"],"_links":{"self":[{"href":"https:\/\/fertilityexperts.es\/es\/wp-json\/wp\/v2\/pages\/410","targetHints":{"allow":["GET"]}}],"collection":[{"href":"https:\/\/fertilityexperts.es\/es\/wp-json\/wp\/v2\/pages"}],"about":[{"href":"https:\/\/fertilityexperts.es\/es\/wp-json\/wp\/v2\/types\/page"}],"author":[{"embeddable":true,"href":"https:\/\/fertilityexperts.es\/es\/wp-json\/wp\/v2\/users\/1"}],"replies":[{"embeddable":true,"href":"https:\/\/fertilityexperts.es\/es\/wp-json\/wp\/v2\/comments?post=410"}],"version-history":[{"count":29,"href":"https:\/\/fertilityexperts.es\/es\/wp-json\/wp\/v2\/pages\/410\/revisions"}],"predecessor-version":[{"id":1723,"href":"https:\/\/fertilityexperts.es\/es\/wp-json\/wp\/v2\/pages\/410\/revisions\/1723"}],"wp:attachment":[{"href":"https:\/\/fertilityexperts.es\/es\/wp-json\/wp\/v2\/media?parent=410"}],"curies":[{"name":"wp","href":"https:\/\/api.w.org\/{rel}","templated":true}]}}