{"id":296,"date":"2017-09-04T14:31:16","date_gmt":"2017-09-04T14:31:16","guid":{"rendered":"https:\/\/fertilityexperts.es\/?page_id=296"},"modified":"2026-03-13T11:44:14","modified_gmt":"2026-03-13T10:44:14","slug":"contacts","status":"publish","type":"page","link":"https:\/\/fertilityexperts.es\/es\/contacts\/","title":{"rendered":"Contacts"},"content":{"rendered":"<div class=\"wpb-content-wrapper\"><div class=\"vc_row wpb_row vc_row-fluid\"><div class=\"wpb_column vc_column_container vc_col-sm-12 sc_layouts_column_icons_position_left\"><div class=\"vc_column-inner\"><div class=\"wpb_wrapper\"><div class=\"vc_empty_space  height_huge\"   style=\"height: 32px\"><span class=\"vc_empty_space_inner\"><\/span><\/div><\/div><\/div><\/div><div class=\"wpb_column vc_column_container vc_col-sm-12 vc_col-md-4 sc_layouts_column_icons_position_left\"><div class=\"vc_column-inner\"><div class=\"wpb_wrapper\"><div class=\"vc_empty_space\"   style=\"height: 1.3rem\"><span class=\"vc_empty_space_inner\"><\/span><\/div><div id=\"sc_title_418597171\"\n\t\tclass=\"sc_title color_style_default sc_title_default\"><h6 class=\"sc_item_subtitle sc_title_subtitle sc_align_left sc_item_title_style_default\"><span>contact information<\/span><\/h6><h3 class=\"sc_item_title sc_title_title sc_align_left sc_item_title_style_default\">Cont\u00e1ctanos<\/h3><div class=\"sc_item_descr sc_title_descr sc_align_left\"><p>Lunes a Viernes, de 10:00 a 20:00 (hora de Madrid)<\/p>\n<\/div><\/div><!-- \/.sc_title --><div id=\"sc_icons_1740999191\" \n\tclass=\"sc_icons sc_icons_default sc_icons_size_small sc_align_left  vc_custom_1773398618711\"><div class=\"sc_icons_item sc_icons_item_linked\"><div class=\"sc_icons_image\"><img decoding=\"async\" data-src=\"https:\/\/fertilityexperts.es\/wp-content\/uploads\/2026\/03\/WhatsApp-Image-2026-03-11-at-15.12.37-1.jpeg\" alt=\"\" width=\"174\" height=\"144\" src=\"data:image\/svg+xml;base64,PHN2ZyB3aWR0aD0iMSIgaGVpZ2h0PSIxIiB4bWxucz0iaHR0cDovL3d3dy53My5vcmcvMjAwMC9zdmciPjwvc3ZnPg==\" class=\"lazyload\" style=\"--smush-placeholder-width: 174px; --smush-placeholder-aspect-ratio: 174\/144;\"><\/div><h4 class=\"sc_icons_item_title\"><span>Nuestra oficina en Barcelona<\/span><\/h4><div class=\"sc_icons_item_description\"><span>Fertility Experts Barcelona<\/span><span>Cl\u00ednica Arvila Magna<\/span><span>Avenida Diagonal 442<\/span><span>08037 Barcelona<\/span><span>(Espa\u00f1a)<\/span><\/div><a href=\"https:\/\/www.google.es\/maps\/place\/Fertility+Experts+Barcelona\/@41.3971099,2.1581301,17z\/data=!3m1!4b1!4m6!3m5!1s0x12a4859fcb26186f:0xc217cdc582e972ce!8m2!3d41.3971059!4d2.160705!16s%2Fg%2F11tjp86k4f?hl=es&#038;entry=ttu\" class=\"sc_icons_item_link\"><\/a><\/div><div class=\"sc_icons_item sc_icons_item_linked\"><div class=\"sc_icons_image\"><img decoding=\"async\" data-src=\"https:\/\/fertilityexperts.es\/wp-content\/uploads\/2026\/03\/WhatsApp-Image-2026-03-11-at-15.12.37-3.jpeg\" alt=\"\" width=\"174\" height=\"144\" src=\"data:image\/svg+xml;base64,PHN2ZyB3aWR0aD0iMSIgaGVpZ2h0PSIxIiB4bWxucz0iaHR0cDovL3d3dy53My5vcmcvMjAwMC9zdmciPjwvc3ZnPg==\" class=\"lazyload\" style=\"--smush-placeholder-width: 174px; --smush-placeholder-aspect-ratio: 174\/144;\"><\/div><h4 class=\"sc_icons_item_title\"><span>Nuestra oficina en Sant Cugat<\/span><\/h4><div class=\"sc_icons_item_description\"><span>Fertility Experts Sant Cugat<\/span><span>Carrer de Borrell 3<\/span><span>08172 Sant Cugat del Vall\u00e8s (Espa\u00f1a)<\/span><\/div><a href=\"https:\/\/share.google\/3B0KxKpuI13QRdX6O\" class=\"sc_icons_item_link\"><\/a><\/div><div class=\"sc_icons_item\"><div class=\"sc_icons_image\"><img fetchpriority=\"high\" decoding=\"async\" src=\"https:\/\/fertilityexperts.es\/wp-content\/uploads\/2024\/10\/Whatsapp-logo-406x261.png\" alt=\"\" width=\"406\" height=\"261\"><\/div><h4 class=\"sc_icons_item_title\"><span>Ll\u00e1manos ahora<\/span><\/h4><div class=\"sc_icons_item_description\"><span><a href=\"tel: +34 609 986 491\"> (+34) 609 986 491<\/a><\/span><\/div><\/div><div class=\"sc_icons_item sc_icons_item_linked\"><div class=\"sc_icons_image\"><img decoding=\"async\" data-src=\"https:\/\/fertilityexperts.es\/wp-content\/uploads\/2026\/03\/Bild-2.jpg\" alt=\"\" width=\"156\" height=\"154\" src=\"data:image\/svg+xml;base64,PHN2ZyB3aWR0aD0iMSIgaGVpZ2h0PSIxIiB4bWxucz0iaHR0cDovL3d3dy53My5vcmcvMjAwMC9zdmciPjwvc3ZnPg==\" class=\"lazyload\" style=\"--smush-placeholder-width: 156px; --smush-placeholder-aspect-ratio: 156\/154;\"><\/div><h4 class=\"sc_icons_item_title\"><span>Env\u00eda un mensaje<\/span><\/h4><div class=\"sc_icons_item_description\"><span>info@fertilityexperts.es<\/span><\/div><a href=\"mailto:info@example.com\" class=\"sc_icons_item_link\"><\/a><\/div><div class=\"sc_icons_item sc_icons_item_linked\"><div class=\"sc_icons_image\"><img fetchpriority=\"high\" decoding=\"async\" src=\"https:\/\/fertilityexperts.es\/wp-content\/uploads\/2024\/10\/Whatsapp-logo-406x261.png\" alt=\"\" width=\"406\" height=\"261\"><\/div><h4 class=\"sc_icons_item_title\"><span>Whatsapp<\/span><\/h4><div class=\"sc_icons_item_description\"><span>Find us on Whatsapp \/ Escr\u00edbenos en Whatsapp<\/span><\/div><a href=\"https:\/\/wa.link\/azilb6\" class=\"sc_icons_item_link\"><\/a><\/div><div class=\"sc_icons_item sc_icons_item_linked\"><div class=\"sc_icons_image\"><img decoding=\"async\" data-src=\"https:\/\/fertilityexperts.es\/wp-content\/uploads\/2024\/10\/doctoralia-406x261.png\" alt=\"\" width=\"406\" height=\"261\" src=\"data:image\/svg+xml;base64,PHN2ZyB3aWR0aD0iMSIgaGVpZ2h0PSIxIiB4bWxucz0iaHR0cDovL3d3dy53My5vcmcvMjAwMC9zdmciPjwvc3ZnPg==\" class=\"lazyload\" style=\"--smush-placeholder-width: 406px; --smush-placeholder-aspect-ratio: 406\/261;\"><\/div><h4 class=\"sc_icons_item_title\"><span>Doctoralia<\/span><\/h4><div class=\"sc_icons_item_description\"><span>Dra Edna Ruiz Paz @ Doctoralia<\/span><\/div><a href=\"https:\/\/www.doctoralia.es\/edna-ruiz-paz\/ginecologo\/barcelona\" class=\"sc_icons_item_link\"><\/a><\/div><\/div><!-- \/.sc_icons --><\/div><\/div><\/div><div class=\"wpb_column vc_column_container vc_col-sm-12 vc_hidden-lg vc_hidden-md sc_layouts_column_icons_position_left\"><div class=\"vc_column-inner\"><div class=\"wpb_wrapper\"><div class=\"vc_empty_space  height_huge\"   style=\"height: 32px\"><span class=\"vc_empty_space_inner\"><\/span><\/div><\/div><\/div><\/div><div class=\"wpb_column vc_column_container vc_col-sm-12 vc_col-md-offset-1 vc_col-md-7 sc_layouts_column_icons_position_left\"><div class=\"vc_column-inner\"><div class=\"wpb_wrapper\"><div id=\"sc_googlemap_70519087_wrap\" class=\"sc_googlemap_wrap\"><div id=\"sc_googlemap_70519087\"\n\t\t\tclass=\"sc_googlemap sc_googlemap_default\"\n\t\t\t style=\"width:100%;height:597px;\"\t\t\tdata-zoom=\"14\"\n\t\t\tdata-style=\"grey\"\n\t\t\tdata-cluster-icon=\"https:\/\/fertilityexperts.es\/wp-content\/plugins\/trx_addons\/components\/shortcodes\/googlemap\/cluster\/cluster-icon.png\"\n        ><iframe\n                    data-src=\"https:\/\/maps.google.com\/maps?t=m&output=embed&iwloc=near&z=14&q=Cl%C3%ADnica+de+Medicina+Integrativa+y+Hol%C3%ADstica+Arvila+Magna+en+Barcelona%2C+Av.+Diagonal%2C+442%2C+Entl.+2a%2C+Eixample%2C+08037+Barcelona\"\n                    scrolling=\"no\"\n                    marginheight=\"0\"\n                    marginwidth=\"0\"\n                    frameborder=\"0\"\n                    aria-label=\"\" src=\"data:image\/svg+xml;base64,PHN2ZyB3aWR0aD0iMSIgaGVpZ2h0PSIxIiB4bWxucz0iaHR0cDovL3d3dy53My5vcmcvMjAwMC9zdmciPjwvc3ZnPg==\" class=\"lazyload\" data-load-mode=\"1\"><\/iframe><\/div><\/div><!-- \/.sc_googlemap_wrap --><\/div><\/div><\/div><div class=\"wpb_column vc_column_container vc_col-sm-12 sc_layouts_column_icons_position_left\"><div class=\"vc_column-inner\"><div class=\"wpb_wrapper\"><div class=\"vc_empty_space  vc_custom_1511442287621 height_huge\"   style=\"height: 32px\"><span class=\"vc_empty_space_inner\"><\/span><\/div><\/div><\/div><\/div><\/div><div data-vc-full-width=\"true\" data-vc-full-width-init=\"false\" class=\"vc_row wpb_row vc_row-fluid vc_custom_1715631324554 vc_row-has-fill\"><div class=\"wpb_column vc_column_container vc_col-sm-12 sc_layouts_column_icons_position_left\"><div class=\"vc_column-inner\"><div class=\"wpb_wrapper\"><div class=\"vc_empty_space  vc_custom_1511442308013 height_huge\"   style=\"height: 32px\"><span class=\"vc_empty_space_inner\"><\/span><\/div><\/div><\/div><\/div><div class=\"wpb_column vc_column_container vc_col-sm-6 sc_layouts_column_icons_position_left\"><div class=\"vc_column-inner\"><div class=\"wpb_wrapper\"><\/div><\/div><\/div><div class=\"wpb_column vc_column_container vc_col-sm-12 vc_col-md-6 sc_layouts_column_icons_position_left\"><div class=\"vc_column-inner\"><div class=\"wpb_wrapper\"><div id=\"sc_title_575965511\"\n\t\tclass=\"sc_title color_style_default sc_title_default  vc_custom_1591072849237\"><h6 class=\"sc_item_subtitle sc_title_subtitle sc_align_left sc_item_title_style_default\"><span>have a personal question?<\/span><\/h6><h2 class=\"sc_item_title sc_title_title sc_align_left sc_item_title_style_default sc_item_title_tag\">Contact Our Doctor!<\/h2><\/div><!-- \/.sc_title -->\n<div class=\"wpcf7 no-js\" id=\"wpcf7-f834-o1\" lang=\"en-US\" dir=\"ltr\" data-wpcf7-id=\"834\">\n<div class=\"screen-reader-response\"><p role=\"status\" aria-live=\"polite\" aria-atomic=\"true\"><\/p> <ul><\/ul><\/div>\n<form action=\"\/es\/wp-json\/wp\/v2\/pages\/296#wpcf7-f834-o1\" method=\"post\" class=\"wpcf7-form init\" aria-label=\"Contact form\" novalidate=\"novalidate\" data-status=\"init\" data-trp-original-action=\"\/es\/wp-json\/wp\/v2\/pages\/296#wpcf7-f834-o1\">\n<fieldset class=\"hidden-fields-container\"><input type=\"hidden\" name=\"_wpcf7\" value=\"834\" \/><input type=\"hidden\" name=\"_wpcf7_version\" value=\"6.1.1\" \/><input type=\"hidden\" name=\"_wpcf7_locale\" value=\"en_US\" \/><input type=\"hidden\" name=\"_wpcf7_unit_tag\" value=\"wpcf7-f834-o1\" \/><input type=\"hidden\" name=\"_wpcf7_container_post\" value=\"0\" \/><input type=\"hidden\" name=\"_wpcf7_posted_data_hash\" value=\"\" \/>\n<\/fieldset>\n<div class=\"flex\">\n<div class='itm row' ><span class=\"wpcf7-form-control-wrap\" data-name=\"your-name\"><input size=\"40\" maxlength=\"400\" class=\"wpcf7-form-control wpcf7-text wpcf7-validates-as-required\" aria-required=\"true\" aria-invalid=\"false\" placeholder=\"Your name*\" value=\"\" type=\"text\" name=\"your-name\" \/><\/span><\/div> \n<div class='itm row'><span class=\"wpcf7-form-control-wrap\" data-name=\"your-email\"><input size=\"40\" maxlength=\"400\" class=\"wpcf7-form-control wpcf7-email wpcf7-validates-as-required wpcf7-text wpcf7-validates-as-email\" aria-required=\"true\" aria-invalid=\"false\" placeholder=\"Your e-mail*\" value=\"\" type=\"email\" name=\"your-email\" \/><\/span><\/div><\/div>\n<div class=''><span class=\"wpcf7-form-control-wrap\" data-name=\"your-message\"><textarea cols=\"40\" rows=\"10\" maxlength=\"2000\" class=\"wpcf7-form-control wpcf7-textarea wpcf7-validates-as-required\" aria-required=\"true\" aria-invalid=\"false\" placeholder=\"Your message*\" name=\"your-message\"><\/textarea><\/span><\/div>\n<div class=\"sc_form_field sc_form_field_button sc_form_field_submit\"><input class=\"wpcf7-form-control wpcf7-submit has-spinner\" type=\"submit\" value=\"Send Message\" \/><\/div><div class=\"wpcf7-response-output\" aria-hidden=\"true\"><\/div>\n<input type=\"hidden\" name=\"trp-form-language\" value=\"es\"\/><\/form>\n<\/div>\n<\/div><\/div><\/div><div class=\"wpb_column vc_column_container vc_col-sm-12 sc_layouts_column_icons_position_left\"><div class=\"vc_column-inner\"><div class=\"wpb_wrapper\"><div class=\"vc_empty_space  vc_custom_1511442377737 height_huge\"   style=\"height: 32px\"><span class=\"vc_empty_space_inner\"><\/span><\/div><\/div><\/div><\/div><\/div><div class=\"vc_row-full-width vc_clearfix\"><\/div>\n<\/div>","protected":false},"excerpt":{"rendered":"contact informationContact UsMonday - Friday 10:00 am to 8:00pm (GMT Madrid) Our office in BarcelonaFertility Experts BarcelonaCl\u00ednica Arvila MagnaAvenida Diagonal 44208037 Barcelona(Espa\u00f1a)Our office in Sant CugatFertility Experts Sant CugatCarrer de Borrell 308172 Sant Cugat del Vall\u00e8s (Espa\u00f1a)Call us now (+34) 609 986 491Send a messageinfo@fertilityexperts.esWhatsappFind us on Whatsapp \/ Escr\u00edbenos en WhatsappDoctoraliaDra Edna Ruiz Paz @ Doctoraliahave a personal question?Contact&hellip;","protected":false},"author":1,"featured_media":0,"parent":0,"menu_order":0,"comment_status":"closed","ping_status":"closed","template":"","meta":{"footnotes":""},"class_list":["post-296","page","type-page","status-publish","hentry"],"_links":{"self":[{"href":"https:\/\/fertilityexperts.es\/es\/wp-json\/wp\/v2\/pages\/296","targetHints":{"allow":["GET"]}}],"collection":[{"href":"https:\/\/fertilityexperts.es\/es\/wp-json\/wp\/v2\/pages"}],"about":[{"href":"https:\/\/fertilityexperts.es\/es\/wp-json\/wp\/v2\/types\/page"}],"author":[{"embeddable":true,"href":"https:\/\/fertilityexperts.es\/es\/wp-json\/wp\/v2\/users\/1"}],"replies":[{"embeddable":true,"href":"https:\/\/fertilityexperts.es\/es\/wp-json\/wp\/v2\/comments?post=296"}],"version-history":[{"count":23,"href":"https:\/\/fertilityexperts.es\/es\/wp-json\/wp\/v2\/pages\/296\/revisions"}],"predecessor-version":[{"id":1715,"href":"https:\/\/fertilityexperts.es\/es\/wp-json\/wp\/v2\/pages\/296\/revisions\/1715"}],"wp:attachment":[{"href":"https:\/\/fertilityexperts.es\/es\/wp-json\/wp\/v2\/media?parent=296"}],"curies":[{"name":"wp","href":"https:\/\/api.w.org\/{rel}","templated":true}]}}